{"id":3898,"date":"2022-05-27T11:34:41","date_gmt":"2022-05-27T11:34:41","guid":{"rendered":"https:\/\/tubagua.es\/kontakt\/"},"modified":"2024-06-14T10:08:30","modified_gmt":"2024-06-14T10:08:30","slug":"kontakt","status":"publish","type":"page","link":"https:\/\/tubagua.es\/de\/kontakt\/","title":{"rendered":"Kontakt"},"content":{"rendered":"\t\t<div data-elementor-type=\"wp-page\" data-elementor-id=\"3898\" class=\"elementor elementor-3898 elementor-63\" data-elementor-post-type=\"page\">\n\t\t\t\t\t\t<section class=\"elementor-section elementor-top-section elementor-element elementor-element-8fcb691 elementor-section-boxed elementor-section-height-default elementor-section-height-default\" data-id=\"8fcb691\" data-element_type=\"section\">\n\t\t\t\t\t\t<div class=\"elementor-container elementor-column-gap-default\">\n\t\t\t\t\t<div class=\"elementor-column elementor-col-100 elementor-top-column elementor-element elementor-element-b284f75\" data-id=\"b284f75\" data-element_type=\"column\">\n\t\t\t<div class=\"elementor-widget-wrap elementor-element-populated\">\n\t\t\t\t\t\t<div class=\"elementor-element elementor-element-5f5d64c elementor-widget elementor-widget-heading\" data-id=\"5f5d64c\" data-element_type=\"widget\" data-widget_type=\"heading.default\">\n\t\t\t\t<div class=\"elementor-widget-container\">\n\t\t\t<h2 class=\"elementor-heading-title elementor-size-xxl\">Kontakt Tubagua<\/h2>\t\t<\/div>\n\t\t\t\t<\/div>\n\t\t\t\t\t<\/div>\n\t\t<\/div>\n\t\t\t\t\t<\/div>\n\t\t<\/section>\n\t\t\t\t<section class=\"elementor-section elementor-top-section elementor-element elementor-element-57c5cc2 elementor-section-stretched elementor-section-boxed elementor-section-height-default elementor-section-height-default\" data-id=\"57c5cc2\" data-element_type=\"section\" data-settings=\"{&quot;stretch_section&quot;:&quot;section-stretched&quot;}\">\n\t\t\t\t\t\t<div class=\"elementor-container elementor-column-gap-default\">\n\t\t\t\t\t<div class=\"elementor-column elementor-col-100 elementor-top-column elementor-element elementor-element-51e4fc2\" data-id=\"51e4fc2\" data-element_type=\"column\">\n\t\t\t<div class=\"elementor-widget-wrap elementor-element-populated\">\n\t\t\t\t\t\t<div class=\"elementor-element elementor-element-ce5f5bc elementor-widget elementor-widget-text-editor\" data-id=\"ce5f5bc\" data-element_type=\"widget\" data-widget_type=\"text-editor.default\">\n\t\t\t\t<div class=\"elementor-widget-container\">\n\t\t\t\t\t\t\t<p>Wir von Tubagua sind Profis in diesem Bereich und verf\u00fcgen \u00fcber eine lange Geschichte und Erfahrung auf Ibiza.  <span style=\"color: var( --e-global-color-text );\">Wir bieten Ihnen einen pers\u00f6nlichen und engmaschigen Service, der auf Ihre speziellen Bed\u00fcrfnisse zugeschnitten ist.  <\/span><\/p>\n<div><strong>Wenn Sie eine Beratung zu einem unserer Produkte oder Dienstleistungen ben\u00f6tigen, z\u00f6gern Sie bitte nicht, uns zu kontaktieren.<\/strong><\/div>\n\t\t\t\t\t\t<\/div>\n\t\t\t\t<\/div>\n\t\t\t\t<section class=\"elementor-section elementor-inner-section elementor-element elementor-element-2798fa2 elementor-section-boxed elementor-section-height-default elementor-section-height-default\" data-id=\"2798fa2\" data-element_type=\"section\" data-settings=\"{&quot;background_background&quot;:&quot;classic&quot;}\">\n\t\t\t\t\t\t<div class=\"elementor-container elementor-column-gap-default\">\n\t\t\t\t\t<div class=\"elementor-column elementor-col-50 elementor-inner-column elementor-element elementor-element-740d4ea\" data-id=\"740d4ea\" data-element_type=\"column\">\n\t\t\t<div class=\"elementor-widget-wrap elementor-element-populated\">\n\t\t\t\t\t\t<div class=\"elementor-element elementor-element-08a6f7a elementor-widget elementor-widget-heading\" data-id=\"08a6f7a\" data-element_type=\"widget\" data-widget_type=\"heading.default\">\n\t\t\t\t<div class=\"elementor-widget-container\">\n\t\t\t<h2 class=\"elementor-heading-title elementor-size-default\">Standort<\/h2>\t\t<\/div>\n\t\t\t\t<\/div>\n\t\t\t\t<div class=\"elementor-element elementor-element-c6be827 elementor-widget elementor-widget-text-editor\" data-id=\"c6be827\" data-element_type=\"widget\" data-widget_type=\"text-editor.default\">\n\t\t\t\t<div class=\"elementor-widget-container\">\n\t\t\t\t\t\t\t<p>Avenida Sant Jordi, 10, 07800 Eivissa, Illes Balears<\/p>\n\t\t\t\t\t\t<\/div>\n\t\t\t\t<\/div>\n\t\t\t\t<div class=\"elementor-element elementor-element-3f118f1 elementor-widget elementor-widget-heading\" data-id=\"3f118f1\" data-element_type=\"widget\" data-widget_type=\"heading.default\">\n\t\t\t\t<div class=\"elementor-widget-container\">\n\t\t\t<h2 class=\"elementor-heading-title elementor-size-default\">Folgen Sie uns unter<\/h2>\t\t<\/div>\n\t\t\t\t<\/div>\n\t\t\t\t<div class=\"elementor-element elementor-element-e43bef9 elementor-icon-list--layout-inline elementor-list-item-link-full_width elementor-widget elementor-widget-icon-list\" data-id=\"e43bef9\" data-element_type=\"widget\" data-widget_type=\"icon-list.default\">\n\t\t\t\t<div class=\"elementor-widget-container\">\n\t\t\t\t\t<ul class=\"elementor-icon-list-items elementor-inline-items\">\n\t\t\t\t\t\t\t<li class=\"elementor-icon-list-item elementor-inline-item\">\n\t\t\t\t\t\t\t\t\t\t\t<a href=\"https:\/\/www.facebook.com\/Tubagua-Bricofer-1374853636085979\/\">\n\n\t\t\t\t\t\t\t\t\t\t\t\t<span class=\"elementor-icon-list-icon\">\n\t\t\t\t\t\t\t<i aria-hidden=\"true\" class=\"fab fa-facebook-f\"><\/i>\t\t\t\t\t\t<\/span>\n\t\t\t\t\t\t\t\t\t\t<span class=\"elementor-icon-list-text\"><\/span>\n\t\t\t\t\t\t\t\t\t\t\t<\/a>\n\t\t\t\t\t\t\t\t\t<\/li>\n\t\t\t\t\t\t\t\t<li class=\"elementor-icon-list-item elementor-inline-item\">\n\t\t\t\t\t\t\t\t\t\t\t<a href=\"https:\/\/www.instagram.com\/tubagua_bricofer\/\">\n\n\t\t\t\t\t\t\t\t\t\t\t\t<span class=\"elementor-icon-list-icon\">\n\t\t\t\t\t\t\t<i aria-hidden=\"true\" class=\"fab fa-instagram\"><\/i>\t\t\t\t\t\t<\/span>\n\t\t\t\t\t\t\t\t\t\t<span class=\"elementor-icon-list-text\"><\/span>\n\t\t\t\t\t\t\t\t\t\t\t<\/a>\n\t\t\t\t\t\t\t\t\t<\/li>\n\t\t\t\t\t\t<\/ul>\n\t\t\t\t<\/div>\n\t\t\t\t<\/div>\n\t\t\t\t\t<\/div>\n\t\t<\/div>\n\t\t\t\t<div class=\"elementor-column elementor-col-50 elementor-inner-column elementor-element elementor-element-0b1d04b\" data-id=\"0b1d04b\" data-element_type=\"column\">\n\t\t\t<div class=\"elementor-widget-wrap elementor-element-populated\">\n\t\t\t\t\t\t<div class=\"elementor-element elementor-element-efb9ff4 elementor-button-align-stretch elementor-widget elementor-widget-form\" data-id=\"efb9ff4\" data-element_type=\"widget\" data-settings=\"{&quot;step_next_label&quot;:&quot;N\\u00e4chste&quot;,&quot;step_previous_label&quot;:&quot;Vorherige&quot;,&quot;button_width&quot;:&quot;100&quot;,&quot;step_type&quot;:&quot;number_text&quot;,&quot;step_icon_shape&quot;:&quot;circle&quot;}\" data-widget_type=\"form.default\">\n\t\t\t\t<div class=\"elementor-widget-container\">\n\t\t\t\t\t<form class=\"elementor-form\" method=\"post\" id=\"Contacto_Form\" name=\"Kontakt_Formular\">\n\t\t\t<input type=\"hidden\" name=\"post_id\" value=\"3898\"\/>\n\t\t\t<input type=\"hidden\" name=\"form_id\" value=\"efb9ff4\"\/>\n\t\t\t<input type=\"hidden\" name=\"referer_title\" value=\"Tubagua: bricolaje, ferreter\u00eda y hogar en Eivissa\" \/>\n\n\t\t\t\n\t\t\t<div class=\"elementor-form-fields-wrapper elementor-labels-above\">\n\t\t\t\t\t\t\t\t<div class=\"elementor-field-type-text elementor-field-group elementor-column elementor-field-group-name elementor-col-50 elementor-field-required elementor-mark-required\">\n\t\t\t\t\t\t\t\t\t\t\t\t<label for=\"form-field-name\" class=\"elementor-field-label\">\n\t\t\t\t\t\t\t\tName\t\t\t\t\t\t\t<\/label>\n\t\t\t\t\t\t\t\t\t\t\t\t\t\t<input size=\"1\" type=\"text\" name=\"form_fields[name]\" id=\"form-field-name\" class=\"elementor-field elementor-size-sm  elementor-field-textual\" required=\"required\" aria-required=\"true\">\n\t\t\t\t\t\t\t\t\t\t\t<\/div>\n\t\t\t\t\t\t\t\t<div class=\"elementor-field-type-text elementor-field-group elementor-column elementor-field-group-field_e66dc43 elementor-col-50 elementor-field-required elementor-mark-required\">\n\t\t\t\t\t\t\t\t\t\t\t\t<label for=\"form-field-field_e66dc43\" class=\"elementor-field-label\">\n\t\t\t\t\t\t\t\tNachname\t\t\t\t\t\t\t<\/label>\n\t\t\t\t\t\t\t\t\t\t\t\t\t\t<input size=\"1\" type=\"text\" name=\"form_fields[field_e66dc43]\" id=\"form-field-field_e66dc43\" class=\"elementor-field elementor-size-sm  elementor-field-textual\" required=\"required\" aria-required=\"true\">\n\t\t\t\t\t\t\t\t\t\t\t<\/div>\n\t\t\t\t\t\t\t\t<div class=\"elementor-field-type-email elementor-field-group elementor-column elementor-field-group-email elementor-col-50 elementor-field-required elementor-mark-required\">\n\t\t\t\t\t\t\t\t\t\t\t\t<label for=\"form-field-email\" class=\"elementor-field-label\">\n\t\t\t\t\t\t\t\tE-Mail Adresse\t\t\t\t\t\t\t<\/label>\n\t\t\t\t\t\t\t\t\t\t\t\t\t\t<input size=\"1\" type=\"email\" name=\"form_fields[email]\" id=\"form-field-email\" class=\"elementor-field elementor-size-sm  elementor-field-textual\" required=\"required\" aria-required=\"true\">\n\t\t\t\t\t\t\t\t\t\t\t<\/div>\n\t\t\t\t\t\t\t\t<div class=\"elementor-field-type-tel elementor-field-group elementor-column elementor-field-group-field_0010ea1 elementor-col-50\">\n\t\t\t\t\t\t\t\t\t\t\t\t<label for=\"form-field-field_0010ea1\" class=\"elementor-field-label\">\n\t\t\t\t\t\t\t\tTelefon\t\t\t\t\t\t\t<\/label>\n\t\t\t\t\t\t\t\t<input size=\"1\" type=\"tel\" name=\"form_fields[field_0010ea1]\" id=\"form-field-field_0010ea1\" class=\"elementor-field elementor-size-sm  elementor-field-textual\" pattern=\"[0-9()#&amp;+*-=.]+\" title=\"Only numbers and phone characters (#, -, *, etc) are accepted.\">\n\n\t\t\t\t\t\t<\/div>\n\t\t\t\t\t\t\t\t<div class=\"elementor-field-type-textarea elementor-field-group elementor-column elementor-field-group-field_1e3f0a2 elementor-col-100 elementor-field-required elementor-mark-required\">\n\t\t\t\t\t\t\t\t\t\t\t\t<label for=\"form-field-field_1e3f0a2\" class=\"elementor-field-label\">\n\t\t\t\t\t\t\t\tNachricht\t\t\t\t\t\t\t<\/label>\n\t\t\t\t\t\t<textarea class=\"elementor-field-textual elementor-field  elementor-size-sm\" name=\"form_fields[field_1e3f0a2]\" id=\"form-field-field_1e3f0a2\" rows=\"4\" required=\"required\" aria-required=\"true\"><\/textarea>\t\t\t\t<\/div>\n\t\t\t\t\t\t\t\t<div class=\"elementor-field-type-acceptance elementor-field-group elementor-column elementor-field-group-field_f90beba elementor-col-100 elementor-field-required elementor-mark-required\">\n\t\t\t\t\t\t\t<div class=\"elementor-field-subgroup\">\n\t\t\t<span class=\"elementor-field-option\">\n\t\t\t\t<input type=\"checkbox\" name=\"form_fields[field_f90beba]\" id=\"form-field-field_f90beba\" class=\"elementor-field elementor-size-sm  elementor-acceptance-field\" required=\"required\" aria-required=\"true\">\n\t\t\t\t<label for=\"form-field-field_f90beba\">Ich habe die Datenschutzbestimmungen gelesen und akzeptiert<\/label>\t\t\t<\/span>\n\t\t<\/div>\n\t\t\t\t\t\t<\/div>\n\t\t\t\t\t\t\t\t<div class=\"elementor-field-type-text elementor-field-group elementor-column elementor-field-group-field_703a776 elementor-col-100\">\n\t\t\t\t\t\t\t\t\t\t\t\t\t<input size=\"1\" type=\"text\" name=\"form_fields[field_703a776]\" id=\"form-field-field_703a776\" class=\"elementor-field elementor-size-sm  elementor-field-textual\">\n\t\t\t\t\t\t\t\t\t\t\t<\/div>\n\t\t\t\t\t\t\t\t<div class=\"elementor-field-type-acceptance elementor-field-group elementor-column elementor-field-group-field_1ccea41 elementor-col-100\">\n\t\t\t\t\t\t\t<div class=\"elementor-field-subgroup\">\n\t\t\t<span class=\"elementor-field-option\">\n\t\t\t\t<input type=\"checkbox\" name=\"form_fields[field_1ccea41]\" id=\"form-field-field_1ccea41\" class=\"elementor-field elementor-size-sm  elementor-acceptance-field\">\n\t\t\t\t<label for=\"form-field-field_1ccea41\">Ich erm\u00e4chtige Sie, mich per E-Mail oder auf anderem Wege zu kommerziellen Zwecken zu kontaktieren.<\/label>\t\t\t<\/span>\n\t\t<\/div>\n\t\t\t\t\t\t<\/div>\n\t\t\t\t\t\t\t\t<div class=\"elementor-field-type-recaptcha_v3 elementor-field-group elementor-column elementor-field-group-field_408b589 elementor-col-100 recaptcha_v3-bottomright\">\n\t\t\t\t\t<div class=\"elementor-field\" id=\"form-field-field_408b589\"><div class=\"elementor-g-recaptcha\" data-sitekey=\"6LdxYJIiAAAAABRo3aBbGS3oXxZmrL8Jx8hpwebz\" data-type=\"v3\" data-action=\"Form\" data-badge=\"bottomright\" data-size=\"invisible\"><\/div><\/div>\t\t\t\t<\/div>\n\t\t\t\t\t\t\t\t<div class=\"elementor-field-group elementor-column elementor-field-type-submit elementor-col-100 e-form__buttons\">\n\t\t\t\t\t<button type=\"submit\" class=\"elementor-button elementor-size-sm\">\n\t\t\t\t\t\t<span >\n\t\t\t\t\t\t\t\t\t\t\t\t\t\t\t<span class=\" elementor-button-icon\">\n\t\t\t\t\t\t\t\t\t\t\t\t\t\t\t\t\t\t\t\t\t\t\t\t\t\t<\/span>\n\t\t\t\t\t\t\t\t\t\t\t\t\t\t\t\t\t\t\t\t\t\t<span class=\"elementor-button-text\">Senden Sie<\/span>\n\t\t\t\t\t\t\t\t\t\t\t\t\t<\/span>\n\t\t\t\t\t<\/button>\n\t\t\t\t<\/div>\n\t\t\t<\/div>\n\t\t<\/form>\n\t\t\t\t<\/div>\n\t\t\t\t<\/div>\n\t\t\t\t\t<\/div>\n\t\t<\/div>\n\t\t\t\t\t<\/div>\n\t\t<\/section>\n\t\t\t\t\t<\/div>\n\t\t<\/div>\n\t\t\t\t\t<\/div>\n\t\t<\/section>\n\t\t\t\t<section class=\"elementor-section elementor-top-section elementor-element elementor-element-5ae0cb8 elementor-section-full_width elementor-section-stretched elementor-section-height-default elementor-section-height-default\" data-id=\"5ae0cb8\" data-element_type=\"section\" data-settings=\"{&quot;stretch_section&quot;:&quot;section-stretched&quot;}\">\n\t\t\t\t\t\t<div class=\"elementor-container elementor-column-gap-default\">\n\t\t\t\t\t<div class=\"elementor-column elementor-col-100 elementor-top-column elementor-element elementor-element-610f97e\" data-id=\"610f97e\" data-element_type=\"column\">\n\t\t\t<div class=\"elementor-widget-wrap elementor-element-populated\">\n\t\t\t\t\t\t<div class=\"elementor-element elementor-element-ea66bdd elementor-widget elementor-widget-google_maps\" data-id=\"ea66bdd\" data-element_type=\"widget\" data-widget_type=\"google_maps.default\">\n\t\t\t\t<div class=\"elementor-widget-container\">\n\t\t\t\t\t<div class=\"elementor-custom-embed\">\n\t\t\t<iframe loading=\"lazy\"\n\t\t\t\t\tsrc=\"https:\/\/maps.google.com\/maps?q=Avenida%20Sant%20Jordi%2C%2010%2C%2007800&#038;t=m&#038;z=16&#038;output=embed&#038;iwloc=near\"\n\t\t\t\t\ttitle=\"Avenida Sant Jordi, 10, 07800\"\n\t\t\t\t\taria-label=\"Avenida Sant Jordi, 10, 07800\"\n\t\t\t><\/iframe>\n\t\t<\/div>\n\t\t\t\t<\/div>\n\t\t\t\t<\/div>\n\t\t\t\t\t<\/div>\n\t\t<\/div>\n\t\t\t\t\t<\/div>\n\t\t<\/section>\n\t\t\t\t<\/div>\n\t\t","protected":false},"excerpt":{"rendered":"<p>Kontakt Tubagua Wir von Tubagua sind Profis in diesem Bereich und verf\u00fcgen \u00fcber eine lange Geschichte und Erfahrung auf Ibiza. Wir bieten Ihnen einen pers\u00f6nlichen und engmaschigen Service, der auf Ihre speziellen Bed\u00fcrfnisse zugeschnitten ist. Wenn Sie eine Beratung zu einem unserer Produkte oder Dienstleistungen ben\u00f6tigen, z\u00f6gern Sie bitte nicht, uns zu kontaktieren. Standort Avenida [&hellip;]<\/p>\n","protected":false},"author":6,"featured_media":0,"parent":0,"menu_order":0,"comment_status":"closed","ping_status":"closed","template":"","meta":{"footnotes":""},"class_list":["post-3898","page","type-page","status-publish","hentry"],"yoast_head":"<!-- This site is optimized with the Yoast SEO plugin v23.4 - https:\/\/yoast.com\/wordpress\/plugins\/seo\/ -->\n<title>M\u00f6chten Sie eine Frage stellen? Kontaktieren Sie Tubagua!<\/title>\n<meta name=\"description\" content=\"Wenn Sie eine Beratung zu einem unserer Produkte oder Dienstleistungen ben\u00f6tigen, z\u00f6gern Sie bitte nicht, uns zu kontaktieren.\" \/>\n<meta name=\"robots\" content=\"index, follow, max-snippet:-1, max-image-preview:large, max-video-preview:-1\" \/>\n<link rel=\"canonical\" href=\"https:\/\/tubagua.es\/de\/kontakt\/\" \/>\n<meta property=\"og:locale\" content=\"de_DE\" \/>\n<meta property=\"og:type\" content=\"article\" \/>\n<meta property=\"og:title\" content=\"M\u00f6chten Sie eine Frage stellen? Kontaktieren Sie Tubagua!\" \/>\n<meta property=\"og:description\" content=\"Wenn Sie eine Beratung zu einem unserer Produkte oder Dienstleistungen ben\u00f6tigen, z\u00f6gern Sie bitte nicht, uns zu kontaktieren.\" \/>\n<meta property=\"og:url\" content=\"https:\/\/tubagua.es\/de\/kontakt\/\" \/>\n<meta property=\"og:site_name\" content=\"Tubagua: bricolaje, ferreter\u00eda y hogar en Eivissa\" \/>\n<meta property=\"article:modified_time\" content=\"2024-06-14T10:08:30+00:00\" \/>\n<meta name=\"twitter:card\" content=\"summary_large_image\" \/>\n<meta name=\"twitter:label1\" content=\"Gesch\u00e4tzte Lesezeit\" \/>\n\t<meta name=\"twitter:data1\" content=\"1\u00a0Minute\" \/>\n<script type=\"application\/ld+json\" class=\"yoast-schema-graph\">{\"@context\":\"https:\/\/schema.org\",\"@graph\":[{\"@type\":\"WebPage\",\"@id\":\"https:\/\/tubagua.es\/de\/kontakt\/\",\"url\":\"https:\/\/tubagua.es\/de\/kontakt\/\",\"name\":\"M\u00f6chten Sie eine Frage stellen? Kontaktieren Sie Tubagua!\",\"isPartOf\":{\"@id\":\"https:\/\/tubagua.es\/de\/#website\"},\"datePublished\":\"2022-05-27T11:34:41+00:00\",\"dateModified\":\"2024-06-14T10:08:30+00:00\",\"description\":\"Wenn Sie eine Beratung zu einem unserer Produkte oder Dienstleistungen ben\u00f6tigen, z\u00f6gern Sie bitte nicht, uns zu kontaktieren.\",\"breadcrumb\":{\"@id\":\"https:\/\/tubagua.es\/de\/kontakt\/#breadcrumb\"},\"inLanguage\":\"de\",\"potentialAction\":[{\"@type\":\"ReadAction\",\"target\":[\"https:\/\/tubagua.es\/de\/kontakt\/\"]}]},{\"@type\":\"BreadcrumbList\",\"@id\":\"https:\/\/tubagua.es\/de\/kontakt\/#breadcrumb\",\"itemListElement\":[{\"@type\":\"ListItem\",\"position\":1,\"name\":\"Portada\",\"item\":\"https:\/\/tubagua.es\/de\/\"},{\"@type\":\"ListItem\",\"position\":2,\"name\":\"Kontakt\"}]},{\"@type\":\"WebSite\",\"@id\":\"https:\/\/tubagua.es\/de\/#website\",\"url\":\"https:\/\/tubagua.es\/de\/\",\"name\":\"Tubagua: bricolaje, ferreter\u00eda y hogar en Eivissa\",\"description\":\"\",\"publisher\":{\"@id\":\"https:\/\/tubagua.es\/de\/#organization\"},\"potentialAction\":[{\"@type\":\"SearchAction\",\"target\":{\"@type\":\"EntryPoint\",\"urlTemplate\":\"https:\/\/tubagua.es\/de\/?s={search_term_string}\"},\"query-input\":{\"@type\":\"PropertyValueSpecification\",\"valueRequired\":true,\"valueName\":\"search_term_string\"}}],\"inLanguage\":\"de\"},{\"@type\":\"Organization\",\"@id\":\"https:\/\/tubagua.es\/de\/#organization\",\"name\":\"Tubagua: bricolaje, ferreter\u00eda y hogar en Eivissa\",\"url\":\"https:\/\/tubagua.es\/de\/\",\"logo\":{\"@type\":\"ImageObject\",\"inLanguage\":\"de\",\"@id\":\"https:\/\/tubagua.es\/de\/#\/schema\/logo\/image\/\",\"url\":\"https:\/\/tubagua.es\/wp-content\/uploads\/2022\/06\/cropped-5.png\",\"contentUrl\":\"https:\/\/tubagua.es\/wp-content\/uploads\/2022\/06\/cropped-5.png\",\"width\":800,\"height\":800,\"caption\":\"Tubagua: bricolaje, ferreter\u00eda y hogar en Eivissa\"},\"image\":{\"@id\":\"https:\/\/tubagua.es\/de\/#\/schema\/logo\/image\/\"}}]}<\/script>\n<!-- \/ Yoast SEO plugin. -->","yoast_head_json":{"title":"M\u00f6chten Sie eine Frage stellen? Kontaktieren Sie Tubagua!","description":"Wenn Sie eine Beratung zu einem unserer Produkte oder Dienstleistungen ben\u00f6tigen, z\u00f6gern Sie bitte nicht, uns zu kontaktieren.","robots":{"index":"index","follow":"follow","max-snippet":"max-snippet:-1","max-image-preview":"max-image-preview:large","max-video-preview":"max-video-preview:-1"},"canonical":"https:\/\/tubagua.es\/de\/kontakt\/","og_locale":"de_DE","og_type":"article","og_title":"M\u00f6chten Sie eine Frage stellen? Kontaktieren Sie Tubagua!","og_description":"Wenn Sie eine Beratung zu einem unserer Produkte oder Dienstleistungen ben\u00f6tigen, z\u00f6gern Sie bitte nicht, uns zu kontaktieren.","og_url":"https:\/\/tubagua.es\/de\/kontakt\/","og_site_name":"Tubagua: bricolaje, ferreter\u00eda y hogar en Eivissa","article_modified_time":"2024-06-14T10:08:30+00:00","twitter_card":"summary_large_image","twitter_misc":{"Gesch\u00e4tzte Lesezeit":"1\u00a0Minute"},"schema":{"@context":"https:\/\/schema.org","@graph":[{"@type":"WebPage","@id":"https:\/\/tubagua.es\/de\/kontakt\/","url":"https:\/\/tubagua.es\/de\/kontakt\/","name":"M\u00f6chten Sie eine Frage stellen? Kontaktieren Sie Tubagua!","isPartOf":{"@id":"https:\/\/tubagua.es\/de\/#website"},"datePublished":"2022-05-27T11:34:41+00:00","dateModified":"2024-06-14T10:08:30+00:00","description":"Wenn Sie eine Beratung zu einem unserer Produkte oder Dienstleistungen ben\u00f6tigen, z\u00f6gern Sie bitte nicht, uns zu kontaktieren.","breadcrumb":{"@id":"https:\/\/tubagua.es\/de\/kontakt\/#breadcrumb"},"inLanguage":"de","potentialAction":[{"@type":"ReadAction","target":["https:\/\/tubagua.es\/de\/kontakt\/"]}]},{"@type":"BreadcrumbList","@id":"https:\/\/tubagua.es\/de\/kontakt\/#breadcrumb","itemListElement":[{"@type":"ListItem","position":1,"name":"Portada","item":"https:\/\/tubagua.es\/de\/"},{"@type":"ListItem","position":2,"name":"Kontakt"}]},{"@type":"WebSite","@id":"https:\/\/tubagua.es\/de\/#website","url":"https:\/\/tubagua.es\/de\/","name":"Tubagua: bricolaje, ferreter\u00eda y hogar en Eivissa","description":"","publisher":{"@id":"https:\/\/tubagua.es\/de\/#organization"},"potentialAction":[{"@type":"SearchAction","target":{"@type":"EntryPoint","urlTemplate":"https:\/\/tubagua.es\/de\/?s={search_term_string}"},"query-input":{"@type":"PropertyValueSpecification","valueRequired":true,"valueName":"search_term_string"}}],"inLanguage":"de"},{"@type":"Organization","@id":"https:\/\/tubagua.es\/de\/#organization","name":"Tubagua: bricolaje, ferreter\u00eda y hogar en Eivissa","url":"https:\/\/tubagua.es\/de\/","logo":{"@type":"ImageObject","inLanguage":"de","@id":"https:\/\/tubagua.es\/de\/#\/schema\/logo\/image\/","url":"https:\/\/tubagua.es\/wp-content\/uploads\/2022\/06\/cropped-5.png","contentUrl":"https:\/\/tubagua.es\/wp-content\/uploads\/2022\/06\/cropped-5.png","width":800,"height":800,"caption":"Tubagua: bricolaje, ferreter\u00eda y hogar en Eivissa"},"image":{"@id":"https:\/\/tubagua.es\/de\/#\/schema\/logo\/image\/"}}]}},"_links":{"self":[{"href":"https:\/\/tubagua.es\/de\/wp-json\/wp\/v2\/pages\/3898","targetHints":{"allow":["GET"]}}],"collection":[{"href":"https:\/\/tubagua.es\/de\/wp-json\/wp\/v2\/pages"}],"about":[{"href":"https:\/\/tubagua.es\/de\/wp-json\/wp\/v2\/types\/page"}],"author":[{"embeddable":true,"href":"https:\/\/tubagua.es\/de\/wp-json\/wp\/v2\/users\/6"}],"replies":[{"embeddable":true,"href":"https:\/\/tubagua.es\/de\/wp-json\/wp\/v2\/comments?post=3898"}],"version-history":[{"count":5,"href":"https:\/\/tubagua.es\/de\/wp-json\/wp\/v2\/pages\/3898\/revisions"}],"predecessor-version":[{"id":4017,"href":"https:\/\/tubagua.es\/de\/wp-json\/wp\/v2\/pages\/3898\/revisions\/4017"}],"wp:attachment":[{"href":"https:\/\/tubagua.es\/de\/wp-json\/wp\/v2\/media?parent=3898"}],"curies":[{"name":"wp","href":"https:\/\/api.w.org\/{rel}","templated":true}]}}